{"id":134087,"date":"2023-05-18T16:35:58","date_gmt":"2023-05-18T13:35:58","guid":{"rendered":"https:\/\/emohomes.eu\/versicherung\/"},"modified":"2023-05-20T17:12:13","modified_gmt":"2023-05-20T14:12:13","slug":"versicherung","status":"publish","type":"page","link":"https:\/\/www.emohomes.com\/de\/dienstleistungen\/versicherung\/","title":{"rendered":"Versicherung"},"content":{"rendered":"\t\t<div data-elementor-type=\"wp-page\" data-elementor-id=\"134087\" class=\"elementor elementor-134087 elementor-132608\" data-elementor-post-type=\"page\">\n\t\t\t\t\t\t<section class=\"wd-negative-gap elementor-section elementor-top-section elementor-element elementor-element-dc1e51b elementor-section-boxed elementor-section-height-default elementor-section-height-default\" data-id=\"dc1e51b\" data-element_type=\"section\">\n\t\t\t\t\t\t<div class=\"elementor-container elementor-column-gap-default\">\n\t\t\t\t\t<div class=\"elementor-column elementor-col-50 elementor-top-column elementor-element elementor-element-9da2913\" data-id=\"9da2913\" data-element_type=\"column\">\n\t\t\t<div class=\"elementor-widget-wrap elementor-element-populated\">\n\t\t\t\t\t\t<div class=\"elementor-element elementor-element-45e073e elementor-widget elementor-widget-heading\" data-id=\"45e073e\" data-element_type=\"widget\" data-widget_type=\"heading.default\">\n\t\t\t\t<div class=\"elementor-widget-container\">\n\t\t\t\t\t<h2 class=\"elementor-heading-title elementor-size-default\">Versicherung<\/h2>\t\t\t\t<\/div>\n\t\t\t\t<\/div>\n\t\t\t\t<div class=\"elementor-element elementor-element-be4550e color-scheme-inherit text-left elementor-widget elementor-widget-text-editor\" data-id=\"be4550e\" data-element_type=\"widget\" data-widget_type=\"text-editor.default\">\n\t\t\t\t<div class=\"elementor-widget-container\">\n\t\t\t\t\t\t\t\t\t<p>EMO HOMES bietet Ihnen viele Dienstleistungen an und die Versicherung ist eine davon und sehr wichtig f\u00fcr die Sicherheit Ihrer neuen Immobilie in Alanya.<\/p>\n<p>EMO HOMES bietet Ihnen die beste Versicherungspolice f\u00fcr Ihre neue Wohnung oder Villa an, indem wir Ihnen einen wettbewerbsf\u00e4higen Preis direkt von den Versicherungsgesellschaften anbieten, der Einbruch, Feuer, \u00dcberschwemmung und andere von beiden Seiten vereinbarte Sch\u00e4den abdeckt. Die Preise \u00e4ndern sich je nach dem Umfang des Versicherungsschutzes. Wir werden jeden Aspekt der Politik zu Ihrem Verst\u00e4ndnis \u00fcbersetzen und Ihnen Ratschl\u00e4ge geben.<\/p>\n<p>Au\u00dferdem gibt es eine weitere Versicherung namens &#8222;DASK&#8220;, die f\u00fcr die Eintragung Ihrer Eigentumsurkunde erforderlich ist, nur Erdbebensch\u00e4den abdeckt und j\u00e4hrlich erneuert wird. Der Preis pro Quadratmeter liegt bei 2,15 TL und wird in den folgenden Jahren gesenkt werden.<\/p>\n<p>EMO HOMES hilft Ihnen bei der Auswahl der besten Optionen und informiert Sie \u00fcber Verl\u00e4ngerungen.<\/p>\n<p>Unsere Fachleute bei EMO HOMES werden Sie bei jedem Schritt Ihres Immobilienkaufs in der T\u00fcrkei begleiten.<\/p>\n\t\t\t\t\t\t\t\t<\/div>\n\t\t\t\t<\/div>\n\t\t\t\t\t<\/div>\n\t\t<\/div>\n\t\t\t\t<div class=\"elementor-column elementor-col-50 elementor-top-column elementor-element elementor-element-12d0037\" data-id=\"12d0037\" data-element_type=\"column\">\n\t\t\t<div class=\"elementor-widget-wrap elementor-element-populated\">\n\t\t\t\t\t\t<div class=\"elementor-element elementor-element-b3f8698 elementor-widget elementor-widget-image\" data-id=\"b3f8698\" data-element_type=\"widget\" data-widget_type=\"image.default\">\n\t\t\t\t<div class=\"elementor-widget-container\">\n\t\t\t\t\t\t\t\t\t\t\t\t\t\t\t<img decoding=\"async\" src=\"https:\/\/www.emohomes.com\/wp-content\/uploads\/2023\/05\/sigortaheader.jpg\" title=\"\" alt=\"\" loading=\"lazy\">\t\t\t\t\t\t\t\t\t\t\t\t\t\t\t<\/div>\n\t\t\t\t<\/div>\n\t\t\t\t\t<\/div>\n\t\t<\/div>\n\t\t\t\t\t<\/div>\n\t\t<\/section>\n\t\t\t\t<\/div>\n\t\t","protected":false},"excerpt":{"rendered":"<p>EMO HOMES bietet Ihnen viele Dienstleistungen an und die Versicherung ist eine davon und sehr wichtig f\u00fcr die Sicherheit Ihrer<\/p>\n","protected":false},"author":1,"featured_media":0,"parent":134500,"menu_order":0,"comment_status":"closed","ping_status":"closed","template":"","meta":{"footnotes":""},"class_list":["post-134087","page","type-page","status-publish","hentry"],"_links":{"self":[{"href":"https:\/\/www.emohomes.com\/de\/wp-json\/wp\/v2\/pages\/134087","targetHints":{"allow":["GET"]}}],"collection":[{"href":"https:\/\/www.emohomes.com\/de\/wp-json\/wp\/v2\/pages"}],"about":[{"href":"https:\/\/www.emohomes.com\/de\/wp-json\/wp\/v2\/types\/page"}],"author":[{"embeddable":true,"href":"https:\/\/www.emohomes.com\/de\/wp-json\/wp\/v2\/users\/1"}],"replies":[{"embeddable":true,"href":"https:\/\/www.emohomes.com\/de\/wp-json\/wp\/v2\/comments?post=134087"}],"version-history":[{"count":0,"href":"https:\/\/www.emohomes.com\/de\/wp-json\/wp\/v2\/pages\/134087\/revisions"}],"up":[{"embeddable":true,"href":"https:\/\/www.emohomes.com\/de\/wp-json\/wp\/v2\/pages\/134500"}],"wp:attachment":[{"href":"https:\/\/www.emohomes.com\/de\/wp-json\/wp\/v2\/media?parent=134087"}],"curies":[{"name":"wp","href":"https:\/\/api.w.org\/{rel}","templated":true}]}}